{"id":91,"date":"2020-10-02T06:50:35","date_gmt":"2020-10-02T06:50:35","guid":{"rendered":"http:\/\/www.foss-michelsen.dk\/?page_id=91"},"modified":"2020-10-02T07:28:38","modified_gmt":"2020-10-02T07:28:38","slug":"pa-erfaring-udvalgte-konsulentopgaver-med-relevans-for-topledelse-og-bestyrelse","status":"publish","type":"page","link":"https:\/\/www.foss-michelsen.dk\/?page_id=91","title":{"rendered":"PA-erfaring"},"content":{"rendered":"\n<p><strong>Udvalgte konsulentopgaver med relevans for topledelse og bestyrelse<\/strong><\/p>\n\n\n\n<figure class=\"wp-block-table\"><table><tbody><tr><td>2000<\/td><td>Stor IT-virkskomhed Evaluering af fusionsscenarier samt udarbejdelse af strategi og forhandlingsforl\u00f8b for fusion af to eller flere IT-virksomheder.<\/td><\/tr><tr><td>2000<\/td><td>Stor offentlig organisation Evaluering af et omfattende kontraktkompleks og IT-leverand\u00f8rernes konkurrenceevne samt forslag til v\u00e6sentlige besparelser.<\/td><\/tr><tr><td>1999<\/td><td>Stor international produktionsvirksomhed Projektledelse af et IT check up for en division. Udviklede sig til projektledelse af et stort BPR-projekt for hele virksomheden med det form\u00e5l at \u00e6ndre og forbedre de prim\u00e6re forretningsprocesser med h\u00f8j grad af ledelsesengagement og medarbejderinvolvering.<\/td><\/tr><tr><td>1998 og 1999<\/td><td>To facility management leverand\u00f8rer Gennemf\u00f8relse af markedsunders\u00f8gelse, vurdering af prisniveau og udarbejdelse af forslag til mere konkurrencedygtig prisstruktur og prisfasts\u00e6ttelse af facility management ydelser.<\/td><\/tr><tr><td>1998<\/td><td>To forskellige IT-virksomheder Udarbejdelse af scenarier til direktion og bestyrelse for virksomhedernes strategiske udviklingsveje. Udarbejdelse af program for behandling og beslutning af virksomhedernes fremtid.<\/td><\/tr><tr><td>1998<\/td><td>Arbejdsmarkedsstyrelsen Projektleder for review af stort leveranceprojekt (AMANDA) med v\u00e6gt p\u00e5 afd\u00e6kning af risikoomr\u00e5der for funktionel og teknologisk kvalitet samt tidsplan.<\/td><\/tr><tr><td>1997<\/td><td>BG Bank og SDC Udarbejdelse af beslutningsopl\u00e6g til sourcingstrategi og faci\u00adlity management i forbindelse med BG Banks beslutning om at udtr\u00e6de af SDC som aktion\u00e6r og opbygning af selvst\u00e6ndig IT-organisation.<\/td><\/tr><tr><td>1996\/97<\/td><td>Mellemstor f\u00f8devarevirksomhed Udarbejdelse af forretningsstrategiske m\u00e5l sammen med direktion og ledergruppe, analyse af samtlige forretningsprocesser samt udarbejdelse af IT-strategi.<\/td><\/tr><tr><td>1996<\/td><td>Stort forsyningsselskab Udformning af de forretningsstrategiske m\u00e5l, kritiske succesfaktorer, forretningsprocesser og IT-strategi gennem en r\u00e6kke workshops med ledergruppen.<\/td><\/tr><tr><td>1996<\/td><td>Pengeinstitutter Business Process Reengineering af bankforretninger som et led i en op\u00adtimal implementering og anvendelse af nyt f\u00e6lles IT-system.<\/td><\/tr><tr><td>1995<\/td><td>Forsvarskommandoen Projektleder p\u00e5 review af en stor systemleverance, systemarkitektur og projekt-organisation.<\/td><\/tr><tr><td>1994<\/td><td>St\u00f8rre IT-virksomhed Opstilling af en forretningsvision indeholdende markeds-, produkt- og organisationsforhold som opl\u00e6g til en forretningsstrategi.<\/td><\/tr><tr><td>1994<\/td><td>Det norske finansministerium Vurdering af de anvendelsesm\u00e6ssige, teknologiske og organisatoriske konsekvenser ved en sammenl\u00e6gning af den norske toldetat, skatteetat og skattefogedetat.<\/td><\/tr><tr><td>1992<\/td><td>Stor norsk IT-virksomhed i finanssektoren Kundebehovs- og tilfredshedsanalyse samt vurdering af og forslag til struktur\u00e6ndring, sam\u00admen\u00adl\u00e6gning og effektivisering af IT-virksomheden.<\/td><\/tr><tr><td>1992<\/td><td>St\u00f8rre IT-virksomhed Formidling af salg af forretningsomr\u00e5de, inkl. kontraktforhandlinger.<\/td><\/tr><tr><td>1991\/92<\/td><td>St\u00f8rre IT-virksomhed i den finansielle sektor Vurdering af organisations- og ledelsesstruktur med efterf\u00f8l\u00adgende implementering af st\u00f8rre organisations\u00e6ndringer og kvalitets\u00adudviklingsprojekt.<\/td><\/tr><tr><td>1990<\/td><td>Stor IT-virksomhed Vurdering og tilpasning af forretningskoncept og organisation i forbindelse med markante \u00e6ndringer i markedsvilk\u00e5rene.<\/td><\/tr><tr><td>1990<\/td><td>Mellemstor bank I forbindelse med etablering af datterbank i Tyskland udarbejdelse af datterbankens forretningsstrategi i samarbejde med bankledelsen.<br>Evaluering af tyske systemmuligheder, udarbejdelse af implementeringsplan samt kontraktforhandlinger.<\/td><\/tr><\/tbody><\/table><\/figure>\n","protected":false},"excerpt":{"rendered":"<p>Udvalgte konsulentopgaver med relevans for topledelse og bestyrelse 2000 Stor IT-virkskomhed Evaluering af fusionsscenarier samt udarbejdelse af strategi og forhandlingsforl\u00f8b for fusion af to eller flere IT-virksomheder. 2000 Stor offentlig organisation Evaluering af et omfattende kontraktkompleks og IT-leverand\u00f8rernes konkurrenceevne samt &hellip; <a href=\"https:\/\/www.foss-michelsen.dk\/?page_id=91\">L\u00e6s resten <span class=\"meta-nav\">&rarr;<\/span><\/a><\/p>\n","protected":false},"author":1,"featured_media":0,"parent":0,"menu_order":0,"comment_status":"closed","ping_status":"closed","template":"","meta":[],"_links":{"self":[{"href":"https:\/\/www.foss-michelsen.dk\/index.php?rest_route=\/wp\/v2\/pages\/91"}],"collection":[{"href":"https:\/\/www.foss-michelsen.dk\/index.php?rest_route=\/wp\/v2\/pages"}],"about":[{"href":"https:\/\/www.foss-michelsen.dk\/index.php?rest_route=\/wp\/v2\/types\/page"}],"author":[{"embeddable":true,"href":"https:\/\/www.foss-michelsen.dk\/index.php?rest_route=\/wp\/v2\/users\/1"}],"replies":[{"embeddable":true,"href":"https:\/\/www.foss-michelsen.dk\/index.php?rest_route=%2Fwp%2Fv2%2Fcomments&post=91"}],"version-history":[{"count":2,"href":"https:\/\/www.foss-michelsen.dk\/index.php?rest_route=\/wp\/v2\/pages\/91\/revisions"}],"predecessor-version":[{"id":95,"href":"https:\/\/www.foss-michelsen.dk\/index.php?rest_route=\/wp\/v2\/pages\/91\/revisions\/95"}],"wp:attachment":[{"href":"https:\/\/www.foss-michelsen.dk\/index.php?rest_route=%2Fwp%2Fv2%2Fmedia&parent=91"}],"curies":[{"name":"wp","href":"https:\/\/api.w.org\/{rel}","templated":true}]}}