{"id":84,"date":"2020-10-02T06:36:59","date_gmt":"2020-10-02T06:36:59","guid":{"rendered":"http:\/\/www.foss-michelsen.dk\/?page_id=84"},"modified":"2022-06-21T16:26:59","modified_gmt":"2022-06-21T16:26:59","slug":"avisartikler","status":"publish","type":"page","link":"https:\/\/www.foss-michelsen.dk\/?page_id=84","title":{"rendered":"Medieomtale"},"content":{"rendered":"\n<p>Er under udarbejdelse<\/p>\n\n\n\n<figure class=\"wp-block-table\"><table><tbody><tr><td>13.11.2020<\/td><td><a href=\"https:\/\/fyens.dk\/artikel\/poul-foss-michelsen-kender-om-nogen-til-dansk-erhvervsliv\">Poul Foss Michelsen kender om nogen til dansk erhvervsliv<\/a><br><a href=\"https:\/\/fyens.dk\/artikel\/poul-foss-michelsen-kender-om-nogen-til-dansk-erhvervsliv\">https:\/\/fyens.dk&nbsp;\u203a artikel \u203a poul-foss-michelsen-kender-&#8230;<\/a><br><strong>Poul Foss Michelsen<\/strong>, B\u00f8gel\u00f8kken 46, Odense NV, fylder 80 \u00e5r s\u00f8ndag den 15. november. L\u00e6s omtalen <a href=\"https:\/\/fyens.dk&nbsp;\u203a artikel \u203a poul-foss-michelsen-kender-...\" data-type=\"URL\" data-id=\"https:\/\/fyens.dk&nbsp;\u203a artikel \u203a poul-foss-michelsen-kender-...\">her<\/a>.<\/td><\/tr><tr><td>04.03.2019<\/td><td><a href=\"https:\/\/www.facebook.com\/asnetboard\/posts\/med-sine-78-%C3%A5r-er-poul-foss-michelsen-asnet-boards-%C3%A6ldste-medlem-og-det-m%C3%A5-jo-om\/653593305098416\/\">Med sine 78 \u00e5r er Poul Foss Michelsen ASNET Boards&#8230; | Facebook<\/a><br><a href=\"https:\/\/www.facebook.com\/asnetboard\/posts\/med-sine-78-%C3%A5r-er-poul-foss-michelsen-asnet-boards-%C3%A6ldste-medlem-og-det-m%C3%A5-jo-om\/653593305098416\/\">https:\/\/www.facebook.com&nbsp;\u203a asnetboard \u203a posts \u203a med-&#8230;<\/a><br>Med sine 78 \u00e5r er&nbsp;<strong>Poul Foss Michelsen<\/strong>&nbsp;ASNET Boards \u00e6ldste medlem, og det m\u00e5 jo om noget give nogle erfaringer og noget viden, der er v\u00e6rd at dele ud af&#8230;.<\/td><\/tr><tr><td>26.02.2019<\/td><td><a href=\"file:\/\/\/C:\\Users\\Poul%20Foss%20Michelsen\\Documents\\Business\\FM-hjemmsider\\Hjemmeside%202017\\M\u00f8d%20bestyrelsesmedlem%20Poul%20Foss%20Michelsen%20|%20ASNET%20Boardhttps:\\asnet.dk&nbsp;\u203a%20interview-med-poul-foss-michelsen\">M\u00f8d bestyrelsesmedlem Poul Foss Michelsen | ASNET Board<\/a><br><a href=\"file:\/\/\/C:\\Users\\Poul%20Foss%20Michelsen\\Documents\\Business\\FM-hjemmsider\\Hjemmeside%202017\\M\u00f8d%20bestyrelsesmedlem%20Poul%20Foss%20Michelsen%20|%20ASNET%20Boardhttps:\\asnet.dk&nbsp;\u203a%20interview-med-poul-foss-michelsen\">https:\/\/asnet.dk&nbsp;\u203a interview-med-poul-foss-michelsen<\/a><br><strong>Poul Foss Michelsen<\/strong>&nbsp;har en lang karriere som bestyrelsesmedlem i mange forskellige virksomheder bag sig. L\u00e6s hele interviewet med ham <a href=\"https:\/\/asnet.dk \u203a interview-med-poul-foss-michelsen\" data-type=\"URL\" data-id=\"https:\/\/asnet.dk \u203a interview-med-poul-foss-michelsen\">her<\/a>.<\/td><\/tr><tr><td>17.08.2011<\/td><td><a href=\"https:\/\/slideplayer.dk\/slide\/11703881\/\">Helle Janderup Poul Foss Michelsen M\u00f8de KPMG og ASNET &#8230;<\/a><br><a href=\"https:\/\/slideplayer.dk\/slide\/11703881\/\">https:\/\/slideplayer.dk&nbsp;\u203a slide<\/a><br>&nbsp;Pr\u00e6sentationer af emnet: &#8220;Helle Janderup&nbsp;<strong>Poul Foss Michelsen<\/strong>&nbsp;M\u00f8de KPMG og ASNET om muligt samarbejde<\/td><\/tr><tr><td>15.11.2010<\/td><td><a href=\"https:\/\/www.kristeligt-dagblad.dk\/mennesker\/rundt-i-dag-1629\">Rundt i dag | Kristeligt Dagblad |<\/a><br><a href=\"https:\/\/www.kristeligt-dagblad.dk\/mennesker\/rundt-i-dag-1629\">https:\/\/www.kristeligt-dagblad.dk\u00a0\u203a mennesker \u203a rundt-i&#8230;<\/a><br><strong>Poul Foss Michelsen<\/strong>\u00a0blev i 1982 medejer af og bestyrelsesmedlem i BakConsult Gruppen. Poul Michelsen har gennem \u00e5rene v\u00e6ret engageret i en\u00a0&#8230;<\/td><\/tr><tr><td>22.04.2009<\/td><td><a href=\"https:\/\/www.berlingske.dk\/karriere\/eksperten-leveringen-er-afgoerende\">Eksperten: Leveringen er afg\u00f8rende &#8211; Berlingske<\/a><br><a href=\"https:\/\/www.berlingske.dk\/karriere\/eksperten-leveringen-er-afgoerende\">https:\/\/www.berlingske.dk\u00a0\u203a karriere \u203a eksperten-leveri&#8230;<\/a><br>S\u00e5dan vurderer\u00a0<strong>Poul Foss Michelsen<\/strong>\u00a0ideen bag Letsdrink ApS, der tilbyder her og nu-levering af drikkevarer til d\u00f8ren.\u00a0<strong>Poul Foss Michelsen<\/strong>\u00a0&#8230;<\/td><\/tr><tr><td>25.11.2008<\/td><td><a href=\"https:\/\/www.slideserve.com\/menora\/den-st-rke-bestyrelse-hvordan-kommer-du-med-25-11-2008-powerpoint-ppt-presentation\">Den st\u00e6rke bestyrelse &#8211; hvordan kommer du med? 25.11.2008<\/a><br><a href=\"https:\/\/www.slideserve.com\/menora\/den-st-rke-bestyrelse-hvordan-kommer-du-med-25-11-2008-powerpoint-ppt-presentation\">https:\/\/www.slideserve.com\u00a0\u203a menora \u203a den-st-rke-besty&#8230;<\/a><br>S\u00e5dan realiserer du dr\u00f8mmen Hvordan defineres og fremskaffes den rette bestyrelseskompetence\u00a0<strong>Poul Foss Michelsen<\/strong>\u00a0www.foss-michelsen.dk\u00a0&#8230;<\/td><\/tr><tr><td><\/td><td><\/td><\/tr><\/tbody><\/table><\/figure>\n","protected":false},"excerpt":{"rendered":"<p>Er under udarbejdelse 13.11.2020 Poul Foss Michelsen kender om nogen til dansk erhvervslivhttps:\/\/fyens.dk&nbsp;\u203a artikel \u203a poul-foss-michelsen-kender-&#8230;Poul Foss Michelsen, B\u00f8gel\u00f8kken 46, Odense NV, fylder 80 \u00e5r s\u00f8ndag den 15. november. L\u00e6s omtalen her. 04.03.2019 Med sine 78 \u00e5r er Poul Foss &hellip; <a href=\"https:\/\/www.foss-michelsen.dk\/?page_id=84\">L\u00e6s resten <span class=\"meta-nav\">&rarr;<\/span><\/a><\/p>\n","protected":false},"author":1,"featured_media":0,"parent":0,"menu_order":0,"comment_status":"closed","ping_status":"closed","template":"","meta":[],"_links":{"self":[{"href":"https:\/\/www.foss-michelsen.dk\/index.php?rest_route=\/wp\/v2\/pages\/84"}],"collection":[{"href":"https:\/\/www.foss-michelsen.dk\/index.php?rest_route=\/wp\/v2\/pages"}],"about":[{"href":"https:\/\/www.foss-michelsen.dk\/index.php?rest_route=\/wp\/v2\/types\/page"}],"author":[{"embeddable":true,"href":"https:\/\/www.foss-michelsen.dk\/index.php?rest_route=\/wp\/v2\/users\/1"}],"replies":[{"embeddable":true,"href":"https:\/\/www.foss-michelsen.dk\/index.php?rest_route=%2Fwp%2Fv2%2Fcomments&post=84"}],"version-history":[{"count":14,"href":"https:\/\/www.foss-michelsen.dk\/index.php?rest_route=\/wp\/v2\/pages\/84\/revisions"}],"predecessor-version":[{"id":310,"href":"https:\/\/www.foss-michelsen.dk\/index.php?rest_route=\/wp\/v2\/pages\/84\/revisions\/310"}],"wp:attachment":[{"href":"https:\/\/www.foss-michelsen.dk\/index.php?rest_route=%2Fwp%2Fv2%2Fmedia&parent=84"}],"curies":[{"name":"wp","href":"https:\/\/api.w.org\/{rel}","templated":true}]}}