{"id":75,"date":"2020-10-02T06:31:36","date_gmt":"2020-10-02T06:31:36","guid":{"rendered":"http:\/\/www.foss-michelsen.dk\/?page_id=75"},"modified":"2023-05-20T20:50:29","modified_gmt":"2023-05-20T20:50:29","slug":"bog-om-ledelseskonsultation","status":"publish","type":"page","link":"https:\/\/www.foss-michelsen.dk\/?page_id=75","title":{"rendered":"Bog om ledelseskonsultation"},"content":{"rendered":"\n<p><\/p>\n\n\n\n\n\n<div class=\"wp-block-media-text is-stacked-on-mobile\" style=\"grid-template-columns:15% auto\"><figure class=\"wp-block-media-text__media\"><img decoding=\"async\" loading=\"lazy\" width=\"300\" height=\"445\" src=\"https:\/\/www.foss-michelsen.dk\/wp-content\/uploads\/2023\/05\/Billede-af-bog.jpg\" alt=\"\" class=\"wp-image-606 size-full\" srcset=\"https:\/\/www.foss-michelsen.dk\/wp-content\/uploads\/2023\/05\/Billede-af-bog.jpg 300w, https:\/\/www.foss-michelsen.dk\/wp-content\/uploads\/2023\/05\/Billede-af-bog-202x300.jpg 202w\" sizes=\"(max-width: 300px) 100vw, 300px\" \/><\/figure><div class=\"wp-block-media-text__content\">\n<p class=\"has-text-align-center has-large-font-size\"><\/p>\n\n\n\n<p><\/p>\n\n\n\n<p>Professor Erik Johnsen Copenhagen Business School (CAMS &#8211; Center for Applied Management Studies) inviterede i 2012 ni erfarne ledelseskonsulenter til at skrive en bog om de gode og l\u00e6rerige historier fra ledelseskonsulentens samarbejde med ledere. Jeg var \u00e9n af de ni udvalgte og blev anmodet om at skrive om kombinationen af forretningsledelse og it-ledelse.<\/p>\n<\/div><\/div>\n\n\n\n<p>Ideen med bogen er, gennem forfatternes forskellige cases og personlige refleksioner, er at beskrive <em>\u201dHvad vi l\u00e6rte og gerne bringer videre\u201d<\/em> &#8211; et afsluttende bud p\u00e5 udviklingstr\u00e6k i dansk ledelse, set fra ni ledelseskonsulenters side af bordet.<\/p>\n\n\n\n<p>Vi ni forfattere har valgt at skrive sammen, fordi vi har mange f\u00e6lles holdninger til og synspunkter om konsulentmetieren. Den fascinerer os, og den har v\u00e6ret vores arbejdsm\u00e6ssige livsgrundlag i mange \u00e5r. Vi synes, det falder naturligt at se tilbage og reflektere og dermed bidrage til, at CAMS ideen med <em>\u201dat komme ind under huden p\u00e5 dansk ledelse\u201d<\/em> foldes ud til gavn for interesserede l\u00e6sere.<\/p>\n\n\n\n<p>Bogen kan l\u00e5nes p\u00e5:<br><a href=\"https:\/\/bibliotek.kk.dk\/ting\/object\/870970-basis%3A29683255\">https:\/\/bibliotek.kk.dk\/ting\/object\/870970-basis%3A29683255<\/a><\/p>\n\n\n\n<p><\/p>\n\n\n\n<p>og kan k\u00f8bes p\u00e5:<br><a href=\"http:\/\/www.bogbasen.dk\/boeger\/3480109:ledelseskonsultation---med-tillid-og-kraft\/\">www.bogbasen.dk\/boeger\/3480109:ledelseskonsultation&#8212;med-tillid-og-kraft\/<\/a> (DKK 120)<br>eller<br><a href=\"http:\/\/www.antikvariat.net\/ANA5159727.cgi\">www.antikvariat.net\/ANA5159727.cgi<\/a> (DKK 160)<br>eller<br><a href=\"http:\/\/bookstone.dk\/product\/ledelseskonsultation-med-tillid-og-kant-873\/\">http:\/\/bookstone.dk\/product\/ledelseskonsultation-med-tillid-og-kant-873\/<\/a> (DKK 250)<\/p>\n\n\n\n<p><\/p>\n\n\n\n\n\n\n","protected":false},"excerpt":{"rendered":"<p>Professor Erik Johnsen Copenhagen Business School (CAMS &#8211; Center for Applied Management Studies) inviterede i 2012 ni erfarne ledelseskonsulenter til at skrive en bog om de gode og l\u00e6rerige historier fra ledelseskonsulentens samarbejde med ledere. Jeg var \u00e9n af de &hellip; <a href=\"https:\/\/www.foss-michelsen.dk\/?page_id=75\">L\u00e6s resten <span class=\"meta-nav\">&rarr;<\/span><\/a><\/p>\n","protected":false},"author":1,"featured_media":0,"parent":0,"menu_order":0,"comment_status":"closed","ping_status":"closed","template":"","meta":[],"_links":{"self":[{"href":"https:\/\/www.foss-michelsen.dk\/index.php?rest_route=\/wp\/v2\/pages\/75"}],"collection":[{"href":"https:\/\/www.foss-michelsen.dk\/index.php?rest_route=\/wp\/v2\/pages"}],"about":[{"href":"https:\/\/www.foss-michelsen.dk\/index.php?rest_route=\/wp\/v2\/types\/page"}],"author":[{"embeddable":true,"href":"https:\/\/www.foss-michelsen.dk\/index.php?rest_route=\/wp\/v2\/users\/1"}],"replies":[{"embeddable":true,"href":"https:\/\/www.foss-michelsen.dk\/index.php?rest_route=%2Fwp%2Fv2%2Fcomments&post=75"}],"version-history":[{"count":7,"href":"https:\/\/www.foss-michelsen.dk\/index.php?rest_route=\/wp\/v2\/pages\/75\/revisions"}],"predecessor-version":[{"id":607,"href":"https:\/\/www.foss-michelsen.dk\/index.php?rest_route=\/wp\/v2\/pages\/75\/revisions\/607"}],"wp:attachment":[{"href":"https:\/\/www.foss-michelsen.dk\/index.php?rest_route=%2Fwp%2Fv2%2Fmedia&parent=75"}],"curies":[{"name":"wp","href":"https:\/\/api.w.org\/{rel}","templated":true}]}}