{"id":62,"date":"2020-10-01T21:03:27","date_gmt":"2020-10-01T21:03:27","guid":{"rendered":"http:\/\/www.foss-michelsen.dk\/?page_id=62"},"modified":"2023-05-11T12:37:46","modified_gmt":"2023-05-11T12:37:46","slug":"erhvervslivet-og-csr","status":"publish","type":"page","link":"https:\/\/www.foss-michelsen.dk\/?page_id=62","title":{"rendered":"Erhvervslivet og CSR"},"content":{"rendered":"\n<p>Virksomheder b\u00f8r v\u00e6re bevidste om frivillig indsats med at integrere sociale, etiske og milj\u00f8m\u00e6ssige hensyn i deres kerneforretning og i interaktionen med dens interessenter. Derved viser virksomheder social ansvarlighed \u2013 samfundsansvar &#8211; Corporate Social Responsibility (CSR).<\/p>\n\n\n\n<p>En virksomhed tager samfundsansvar, n\u00e5r den fx:<\/p>\n\n\n\n<ul><li>stiller krav til leverand\u00f8rer om at overholde menneskerettigheder, arbejdstagerrettigheder, og samarbejder med leverand\u00f8rer om at forbedre sociale og milj\u00f8m\u00e6ssige forhold<\/li><li>arbejder med milj\u00f8- og klimaledelse<\/li><li>arbejder for at forbedre medarbejderforhold og arbejdsmilj\u00f8<\/li><li>udvikler nye produkter eller ydelser, der indeholder en social eller milj\u00f8m\u00e6ssig dimension<\/li><\/ul>\n\n\n\n<p>I praksis handler forretningsdrevet samfundsansvar om at arbejde strategisk med samfundsansvar og sikre gennemf\u00f8relse, styring og ledelse af indsatsen. Det handler ogs\u00e5 om, at virksomheden kommunikerer aktivt om sin indsats til kunder, forbrugere, interesseorganisationer m.v.<\/p>\n\n\n\n<p>Dinero skriver p\u00e5 sin hjemmeside <a href=\"https:\/\/dinero.dk\/ordbog\/csr\/\">https:\/\/dinero.dk\/ordbog\/csr\/<\/a>: &#8220;Enhver virksomhed kan v\u00e6lge at udarbejde et CSR-regnskab. Ingen virksomhed er forpligtet til det, men mange v\u00e6lger alligevel at g\u00f8re det. I et CSR-regnskab g\u00f8r den enkelte virksomhed op, hvad den har gjort af initiativer. Det giver et billede af en virksomhed, der tager sit ansvar alvorligt og ikke er bange for at vise, hvordan den agerer med omverdenen. Et CSR-regnskab er en del af mange virksomheders branding.&#8221;<\/p>\n\n\n\n<p>Der er en positiv udvikling i gang, idet flere og flere danske virksomheder arbejder med samfundsansvar, og ser samfundsansvar som en stadig vigtigere del af deres forretning. Men mere end 50% har ikke nedskrevet en politik om socialt ansvar.<\/p>\n\n\n\n<p><\/p>\n","protected":false},"excerpt":{"rendered":"<p>Virksomheder b\u00f8r v\u00e6re bevidste om frivillig indsats med at integrere sociale, etiske og milj\u00f8m\u00e6ssige hensyn i deres kerneforretning og i interaktionen med dens interessenter. Derved viser virksomheder social ansvarlighed \u2013 samfundsansvar &#8211; Corporate Social Responsibility (CSR). En virksomhed tager samfundsansvar, &hellip; <a href=\"https:\/\/www.foss-michelsen.dk\/?page_id=62\">L\u00e6s resten <span class=\"meta-nav\">&rarr;<\/span><\/a><\/p>\n","protected":false},"author":1,"featured_media":0,"parent":0,"menu_order":0,"comment_status":"closed","ping_status":"closed","template":"","meta":[],"_links":{"self":[{"href":"https:\/\/www.foss-michelsen.dk\/index.php?rest_route=\/wp\/v2\/pages\/62"}],"collection":[{"href":"https:\/\/www.foss-michelsen.dk\/index.php?rest_route=\/wp\/v2\/pages"}],"about":[{"href":"https:\/\/www.foss-michelsen.dk\/index.php?rest_route=\/wp\/v2\/types\/page"}],"author":[{"embeddable":true,"href":"https:\/\/www.foss-michelsen.dk\/index.php?rest_route=\/wp\/v2\/users\/1"}],"replies":[{"embeddable":true,"href":"https:\/\/www.foss-michelsen.dk\/index.php?rest_route=%2Fwp%2Fv2%2Fcomments&post=62"}],"version-history":[{"count":13,"href":"https:\/\/www.foss-michelsen.dk\/index.php?rest_route=\/wp\/v2\/pages\/62\/revisions"}],"predecessor-version":[{"id":375,"href":"https:\/\/www.foss-michelsen.dk\/index.php?rest_route=\/wp\/v2\/pages\/62\/revisions\/375"}],"wp:attachment":[{"href":"https:\/\/www.foss-michelsen.dk\/index.php?rest_route=%2Fwp%2Fv2%2Fmedia&parent=62"}],"curies":[{"name":"wp","href":"https:\/\/api.w.org\/{rel}","templated":true}]}}