{"id":610,"date":"2023-05-21T06:36:50","date_gmt":"2023-05-21T06:36:50","guid":{"rendered":"https:\/\/www.foss-michelsen.dk\/?page_id=610"},"modified":"2023-05-21T06:36:50","modified_gmt":"2023-05-21T06:36:50","slug":"bestyrelsesposter-medlem-2","status":"publish","type":"page","link":"https:\/\/www.foss-michelsen.dk\/?page_id=610","title":{"rendered":"Bestyrelsesposter (medlem)"},"content":{"rendered":"\n<table id=\"tablepress-17\" class=\"tablepress tablepress-id-17\">\n<tbody class=\"row-hover\">\n<tr class=\"row-1 odd\">\n\t<td class=\"column-1\"><span style=\"color:#333333;\">2017 \u2013 2018<\/span><\/td><td class=\"column-2\"><span style=\"color:#333333;\">Herning Capital A\/S<\/span><\/td><td class=\"column-3\"><span style=\"color:#333333;\"><em>Investering i v\u00e6rdipapirer og ejendomme<\/em><\/span><\/td><td class=\"column-4\"><\/td>\n<\/tr>\n<tr class=\"row-2 even\">\n\t<td class=\"column-1\"><span style=\"color:#333333;\">2008 \u2013 2009<\/span><\/td><td class=\"column-2\"><span style=\"color:#333333;\">Tandl\u00e6geNet.dk ApS<\/span><\/td><td class=\"column-3\"><span style=\"color:#333333;\"><em>Udvikler, leverer og implementerer forretningsunderbyggende <br \/>\nsystemer og helhedsl\u00f8sninger for sm\u00e5 og mellemstore <br \/>\nvirksomheder i sundhedssektoren <br \/>\n2009: Ny ejersammens\u00e6tning <\/em><\/span><\/td><td class=\"column-4\"><img decoding=\"async\" loading=\"lazy\" src=\"https:\/\/www.foss-michelsen.dk\/wp-content\/uploads\/2023\/05\/Logo-TandlaegeNet.dk-navn-e1684525382645.jpg\" alt=\"\" width=\"150\" height=\"39\" class=\"alignnone size-full wp-image-495\" \/><\/td>\n<\/tr>\n<tr class=\"row-3 odd\">\n\t<td class=\"column-1\"><span style=\"color:#333333;\">2007 \u2013 2009<\/span><\/td><td class=\"column-2\"><span style=\"color:#333333;\">Optica A\/S<\/span><\/td><td class=\"column-3\"><span style=\"color:#333333;\"><em>Udviklings- og r\u00e5dgivningsvirksomhed inden for risk management og forsikringsoptimering<span style=\"color:#333333;\">\u00a0\u00a0<\/span><\/em><\/span><\/td><td class=\"column-4\"><img decoding=\"async\" loading=\"lazy\" src=\"https:\/\/www.foss-michelsen.dk\/wp-content\/uploads\/2023\/05\/Logo-Optica-1.gif\" alt=\"\" width=\"151\" height=\"49\" class=\"alignnone size-full wp-image-550\" \/><\/td>\n<\/tr>\n<tr class=\"row-4 even\">\n\t<td class=\"column-1\"><span style=\"color:#333333;\">2007 \u2013 2015<\/span><\/td><td class=\"column-2\"><span style=\"color:#333333;\">ASNET Board s.m.b.a.<\/span><\/td><td class=\"column-3\"><span style=\"color:#333333;\"><em>Netv\u00e6rk af bestyrelsesmedlemmer og formidling af bestyrelsesmedlemmer til sm\u00e5 og mellemstore virksomheder<\/em><\/span><\/td><td class=\"column-4\"><img decoding=\"async\" loading=\"lazy\" src=\"https:\/\/www.foss-michelsen.dk\/wp-content\/uploads\/2023\/05\/Logo-Asnet-e1684524672923.png\" alt=\"\" width=\"150\" height=\"73\" class=\"alignnone size-full wp-image-506\" \/><\/td>\n<\/tr>\n<tr class=\"row-5 odd\">\n\t<td class=\"column-1\"><span style=\"color:#333333;\">2015 \u2013 2018<\/span><\/td><td class=\"column-2\"><span style=\"color:#333333;\">Flensby &amp; Partners International A\/S (moderselskab)<\/span><\/td><td class=\"column-3\"><span style=\"color:#333333;\"><em>Executive Search\/Organizational Excellence<br \/>\nTidligere Ernst &amp; Young \u2013 Search &amp; Selection<\/em><\/span><\/td><td class=\"column-4\"><img decoding=\"async\" loading=\"lazy\" src=\"https:\/\/www.foss-michelsen.dk\/wp-content\/uploads\/2023\/05\/Logo-FP-e1684525592390.gif\" alt=\"\" width=\"150\" height=\"18\" class=\"alignnone size-full wp-image-461\" \/><\/td>\n<\/tr>\n<tr class=\"row-6 even\">\n\t<td class=\"column-1\"><span style=\"color:#333333;\">2015 \u2013 2018<\/span><\/td><td class=\"column-2\"><span style=\"color:#333333;\">Flensby &amp; Partners AS (Norway)<\/span><\/td><td class=\"column-3\"><span style=\"color:#333333;\"><em>Executive Search\/Organizational Excellence<\/em><\/span><\/td><td class=\"column-4\"><img decoding=\"async\" loading=\"lazy\" src=\"https:\/\/www.foss-michelsen.dk\/wp-content\/uploads\/2023\/05\/Logo-FP-e1684525592390.gif\" alt=\"\" width=\"150\" height=\"18\" class=\"alignnone size-full wp-image-461\" \/><\/td>\n<\/tr>\n<tr class=\"row-7 odd\">\n\t<td class=\"column-1\"><span style=\"color:#333333;\">2005 \u2013 2018<\/span><\/td><td class=\"column-2\"><span style=\"color:#333333;\">Flensby &amp; Partners A\/S (2003-2005: Bestyrelsesformand)<\/span><\/td><td class=\"column-3\"><span style=\"color:#333333;\"><em>Executive Search\/Organizational Excellence<\/em><\/span><\/td><td class=\"column-4\"><img decoding=\"async\" loading=\"lazy\" src=\"https:\/\/www.foss-michelsen.dk\/wp-content\/uploads\/2023\/05\/Logo-FP-e1684525592390.gif\" alt=\"\" width=\"150\" height=\"18\" class=\"alignnone size-full wp-image-461\" \/><\/td>\n<\/tr>\n<tr class=\"row-8 even\">\n\t<td class=\"column-1\"><span style=\"color:#333333;\">2002 \u2013 2011<\/span><\/td><td class=\"column-2\"><span style=\"color:#333333;\">ComputerCamp a\u00b7s<\/span><\/td><td class=\"column-3\"><span style=\"color:#333333;\"><em>IT-l\u00f8sninger til professionelle foreninger og organisationer<\/em><\/span><\/td><td class=\"column-4\"><img decoding=\"async\" loading=\"lazy\" src=\"https:\/\/www.foss-michelsen.dk\/wp-content\/uploads\/2023\/05\/ComputerCamp-e1716409610334.jpg\" alt=\"\" width=\"150\" height=\"62\" class=\"alignnone size-full wp-image-469\" \/><\/td>\n<\/tr>\n<tr class=\"row-9 odd\">\n\t<td class=\"column-1\"><span style=\"color:#333333;\">2002 \u2013 2013<\/span><\/td><td class=\"column-2\"><span style=\"color:#333333;\">Euro Sko Danmark\u00a0 AmbA<\/span><\/td><td class=\"column-3\"><span style=\"color:#333333;\"><em>Stor frivillig detailk\u00e6de p\u00e5 det danske skomarked<br \/>\n2013: Solgt til Eurosko Norge AS\u00a0<\/em><\/span><\/td><td class=\"column-4\"><img decoding=\"async\" loading=\"lazy\" src=\"https:\/\/www.foss-michelsen.dk\/wp-content\/uploads\/2023\/05\/Logo-EuroSko.png\" alt=\"\" width=\"151\" height=\"19\" class=\"alignnone size-full wp-image-570\" \/><\/td>\n<\/tr>\n<tr class=\"row-10 even\">\n\t<td class=\"column-1\"><span style=\"color:#333333;\">2000 \u2013 2005<\/span><\/td><td class=\"column-2\"><span style=\"color:#333333;\">EL &amp; VVS DATA A\/S<\/span><\/td><td class=\"column-3\"><span style=\"color:#333333;\"><em>IT full service selskab for el-installat\u00f8rer og VVS-installat\u00f8rer<br \/>\n2005: Fusioneret med Byggeriets IT A\/S til Bygteq IT A\/S\u00a0<\/em><\/span><\/td><td class=\"column-4\"><img decoding=\"async\" loading=\"lazy\" src=\"https:\/\/www.foss-michelsen.dk\/wp-content\/uploads\/2023\/05\/Logo-EVD-1-150x66.jpg\" alt=\"\" width=\"150\" height=\"66\" class=\"alignnone size-thumbnail wp-image-524\" \/><\/td>\n<\/tr>\n<tr class=\"row-11 odd\">\n\t<td class=\"column-1\"><span style=\"color:#333333;\">2000 \u2013 2002<\/span><\/td><td class=\"column-2\"><span style=\"color:#333333;\">Eriksen Erhverv A\/S<\/span><\/td><td class=\"column-3\"><span style=\"color:#333333;\"><em>Et af de st\u00f8rste erhvervsejendoms-m\u00e6glerfirmaer<br \/>\n2002: Solgt til Gaarde A\/S<\/em><\/span><\/td><td class=\"column-4\"><img decoding=\"async\" loading=\"lazy\" src=\"https:\/\/www.foss-michelsen.dk\/wp-content\/uploads\/2023\/05\/Logo-EE-1.gif\" alt=\"\" width=\"151\" height=\"47\" class=\"alignnone size-full wp-image-522\" \/><\/td>\n<\/tr>\n<tr class=\"row-12 even\">\n\t<td class=\"column-1\"><span style=\"color:#333333;\">1996 \u2013 2002<\/span><\/td><td class=\"column-2\"><span style=\"color:#333333;\">LINDON A\/S<\/span><\/td><td class=\"column-3\"><span style=\"color:#333333;\"><em>Design, produktion og markedsf\u00f8ring af damet\u00f8j i Europa <br \/>\n2005: Solgt til Dansk Generationsskifte A\/S<\/em><\/span><\/td><td class=\"column-4\"><img decoding=\"async\" loading=\"lazy\" src=\"https:\/\/www.foss-michelsen.dk\/wp-content\/uploads\/2023\/05\/Logo-Lindon-1.gif\" alt=\"\" width=\"151\" height=\"41\" class=\"alignnone size-full wp-image-542\" \/><\/td>\n<\/tr>\n<tr class=\"row-13 odd\">\n\t<td class=\"column-1\"><span style=\"color:#333333;\">1979 &#8211; 1990<\/span><\/td><td class=\"column-2\"><span style=\"color:#333333;\">Foss Michelsen A\/S Management konsulenter i edb<\/span><\/td><td class=\"column-3\"><span style=\"color:#333333;\"><em>Et selskab i BakConsult Gruppen<br \/>\n1990: Solgt til PA Consulting Group sammen med de \u00f8vrige BakConsult-selskaber<\/em><\/span><\/td><td class=\"column-4\"><img decoding=\"async\" loading=\"lazy\" src=\"https:\/\/www.foss-michelsen.dk\/wp-content\/uploads\/2023\/05\/Logo-Foss-Michelsen-Management-konsulenter-i-edb-e1684525618288.jpg\" alt=\"\" width=\"150\" height=\"49\" class=\"alignnone size-full wp-image-466\" \/><\/td>\n<\/tr>\n<tr class=\"row-14 even\">\n\t<td class=\"column-1\"><span style=\"color:#333333;\">1984 \u2013 1990<\/span><\/td><td class=\"column-2\"><span style=\"color:#333333;\">BakConsult A\/S<\/span><\/td><td class=\"column-3\"><span style=\"color:#333333;\"><em>Moderselskab for <br \/>\n&#8211; T. Bak-Jensen A\/S<br \/>\n&#8211; Erhvspsykologisk Institut A\/S<br \/>\n&#8211; Rebild Marketing Management A\/S<br \/>\n&#8211; Foss Michelsen A\/S &#8211; Management konsulenter i edb<br \/>\n&#8211; Mogens Bruun Ledelsesudvikling A\/S<br \/>\n&#8211; Henning Toft A\/S Konsulenter i teknisk virksomhedsledelse<\/em><\/span><\/td><td class=\"column-4\"><img decoding=\"async\" loading=\"lazy\" src=\"https:\/\/www.foss-michelsen.dk\/wp-content\/uploads\/2023\/05\/Logo-BakConsult-e1684525603138.jpg\" alt=\"\" width=\"150\" height=\"27\" class=\"alignnone size-full wp-image-465\" \/><\/td>\n<\/tr>\n<tr class=\"row-15 odd\">\n\t<td class=\"column-1\"><span style=\"color:#333333;\">1984 &#8211; 1990<\/span><\/td><td class=\"column-2\"><span style=\"color:#333333;\">T. Bak-Jensen A\/S &#8211; General management<\/span><\/td><td class=\"column-3\"><span style=\"color:#333333;\"><em>Et selskab i BakConsult Gruppen<br \/>\n1990: Solgt til PA Consulting Group sammen med de \u00f8vrige BakConsult-selskaber<\/em><\/span><\/td><td class=\"column-4\"><img decoding=\"async\" loading=\"lazy\" src=\"https:\/\/www.foss-michelsen.dk\/wp-content\/uploads\/2023\/05\/Logo-T.-Bak-Jensen-e1684525630563.jpg\" alt=\"\" width=\"150\" height=\"29\" class=\"alignnone size-full wp-image-467\" \/><\/td>\n<\/tr>\n<tr class=\"row-16 even\">\n\t<td class=\"column-1\"><span style=\"color:#333333;\">1977 \u2013 1979<\/span><\/td><td class=\"column-2\"><span style=\"color:#333333;\">Edb-service brancheforeningen (nu IT-Branchen)<\/span><\/td><td class=\"column-3\"><span style=\"color:#333333;\"><em>Giver adgang til en r\u00e6kke medlemsfordele, som kan v\u00e6re til gavn for b\u00e5de medlemsvirksomheden og de enkelte medarbejdere<\/em><\/span><\/td><td class=\"column-4\"><img decoding=\"async\" loading=\"lazy\" src=\"https:\/\/www.foss-michelsen.dk\/wp-content\/uploads\/2023\/05\/Logo-IT-Branchen-2-e1684525263271.png\" alt=\"\" width=\"150\" height=\"65\" class=\"alignnone size-full wp-image-541\" \/><\/td>\n<\/tr>\n<\/tbody>\n<\/table>\n<!-- #tablepress-17 from cache -->","protected":false},"excerpt":{"rendered":"","protected":false},"author":1,"featured_media":0,"parent":0,"menu_order":0,"comment_status":"closed","ping_status":"closed","template":"","meta":[],"_links":{"self":[{"href":"https:\/\/www.foss-michelsen.dk\/index.php?rest_route=\/wp\/v2\/pages\/610"}],"collection":[{"href":"https:\/\/www.foss-michelsen.dk\/index.php?rest_route=\/wp\/v2\/pages"}],"about":[{"href":"https:\/\/www.foss-michelsen.dk\/index.php?rest_route=\/wp\/v2\/types\/page"}],"author":[{"embeddable":true,"href":"https:\/\/www.foss-michelsen.dk\/index.php?rest_route=\/wp\/v2\/users\/1"}],"replies":[{"embeddable":true,"href":"https:\/\/www.foss-michelsen.dk\/index.php?rest_route=%2Fwp%2Fv2%2Fcomments&post=610"}],"version-history":[{"count":2,"href":"https:\/\/www.foss-michelsen.dk\/index.php?rest_route=\/wp\/v2\/pages\/610\/revisions"}],"predecessor-version":[{"id":623,"href":"https:\/\/www.foss-michelsen.dk\/index.php?rest_route=\/wp\/v2\/pages\/610\/revisions\/623"}],"wp:attachment":[{"href":"https:\/\/www.foss-michelsen.dk\/index.php?rest_route=%2Fwp%2Fv2%2Fmedia&parent=610"}],"curies":[{"name":"wp","href":"https:\/\/api.w.org\/{rel}","templated":true}]}}