{"id":587,"date":"2023-05-20T19:02:21","date_gmt":"2023-05-20T19:02:21","guid":{"rendered":"https:\/\/www.foss-michelsen.dk\/?page_id=587"},"modified":"2023-05-20T20:32:56","modified_gmt":"2023-05-20T20:32:56","slug":"oevrige-tillidsposter-2","status":"publish","type":"page","link":"https:\/\/www.foss-michelsen.dk\/?page_id=587","title":{"rendered":"Andre tillidsposter"},"content":{"rendered":"\n<table id=\"tablepress-16\" class=\"tablepress tablepress-id-16\">\n<tbody class=\"row-hover\">\n<tr class=\"row-1 odd\">\n\t<td class=\"column-1\">2014 -><\/td><td class=\"column-2\">Palliativt Frivilligt Netv\u00e6rk (PFN)<\/td><td class=\"column-3\">2024 \u2013>       : Bestyrelsesformand<br \/>\n2014 \u2013 2024: Bestyrelsesmedlem (\u00f8konomiansvarlig)<\/td><td class=\"column-4\">En forening, der i et samarbejde med Palliativt Team Fyn p\u00e5 OUH og B\u00f8rne- og Unge Palliativt Team i Region Syddanmark, yder en helhedsorienteret og lindrende omsorg for uhelbredeligt syge og deres p\u00e5r\u00f8rende i eget hjem p\u00e5 Fyn<\/td><td class=\"column-5\"><img decoding=\"async\" loading=\"lazy\" src=\"https:\/\/www.foss-michelsen.dk\/wp-content\/uploads\/2023\/05\/Logo-PFN-e1684525425235.jpg\" alt=\"\" width=\"150\" height=\"142\" class=\"alignnone size-full wp-image-492\" \/><\/td>\n<\/tr>\n<tr class=\"row-2 even\">\n\t<td class=\"column-1\">2002 \u2013 2020<\/td><td class=\"column-2\">Asnet \u2013 et aktivt og udviklende bestyrelsesnetv\u00e6rk<\/td><td class=\"column-3\">2016 \u2013 2020: Medlem af optagelsesgruppen<br \/>\n2009 \u2013 2013: Direkt\u00f8r<br \/>\n2007 \u2013 2015: Bestyrelsesmedlem<br \/>\n2007 \u2013 2015: Bestyrelsesmedlem<br \/>\n2005 \u2013 2016: Ansvarlig for optagelse af nye partnere<br \/>\n2002 \u2013 2020: Partner<\/td><td class=\"column-4\">Asnet tilbyder et aktivt og udviklende bestyrelsesnetv\u00e6rk for bestyrelsesmedlemmer, og med kompetente bestyrelsesmedlemmer skaber vi fremdrift og resultater for virksomheder. Asnet er ikke kun et af de \u00e6ldste bestyrelsesnetv\u00e6rk i Danmark, vi er ogs\u00e5 det st\u00f8rste. Asnet er en non-profit organisation<\/td><td class=\"column-5\"><img decoding=\"async\" loading=\"lazy\" src=\"https:\/\/www.foss-michelsen.dk\/wp-content\/uploads\/2023\/05\/Logo-Asnet-e1684524672923.png\" alt=\"\" width=\"150\" height=\"73\" class=\"alignnone size-full wp-image-506\" \/><\/td>\n<\/tr>\n<tr class=\"row-3 odd\">\n\t<td class=\"column-1\">2001 \u2013 2014<\/td><td class=\"column-2\">CONNECT Denmark<\/td><td class=\"column-3\">2001 &#8211; 2014: Medlem af CONNECT Denmarks bestyrelsesnetv\u00e6rk<br \/>\n2010 \u2013 2014: Medlem af advisory board Region Syddanmark<\/td><td class=\"column-4\">Indg\u00e5r i en r\u00e6kke springboards for iv\u00e6rks\u00e6tter-virksomheder<\/td><td class=\"column-5\"><img decoding=\"async\" loading=\"lazy\" src=\"https:\/\/www.foss-michelsen.dk\/wp-content\/uploads\/2023\/05\/Logo-Connect-1-e1684596936866.png\" alt=\"\" width=\"150\" height=\"30\" class=\"alignnone size-full wp-image-576\" \/><\/td>\n<\/tr>\n<tr class=\"row-4 even\">\n\t<td class=\"column-1\">2001 \u2013 2004<\/td><td class=\"column-2\">Copenhagen Business School<\/td><td class=\"column-3\">Censor ved de internationale MBA uddannelser<\/td><td class=\"column-4\">Global eManagement MBA og Executive MBA<\/td><td class=\"column-5\"><img decoding=\"async\" loading=\"lazy\" src=\"https:\/\/www.foss-michelsen.dk\/wp-content\/uploads\/2023\/05\/Logo-GeM-e1684525735415.jpg\" alt=\"\" width=\"150\" height=\"79\" class=\"alignnone size-full wp-image-532\" \/><\/td>\n<\/tr>\n<tr class=\"row-5 odd\">\n\t<td class=\"column-1\">1996 \u2013 1999<\/td><td class=\"column-2\">Henley Business School<\/td><td class=\"column-3\">Tutor ved Henleys MBA-uddannelse<\/td><td class=\"column-4\">P\u00e5 Henley Business School Danmark uddannes kompetente, ansvarlige og tilpasningsdygtige ledere<\/td><td class=\"column-5\"><img decoding=\"async\" loading=\"lazy\" src=\"https:\/\/www.foss-michelsen.dk\/wp-content\/uploads\/2023\/05\/Logo-Henley-e1684525288904.jpg\" alt=\"\" width=\"150\" height=\"49\" class=\"alignnone size-full wp-image-536\" \/><\/td>\n<\/tr>\n<tr class=\"row-6 even\">\n\t<td class=\"column-1\">1972 &#8211; 2016<\/td><td class=\"column-2\">Copenhagen Business School (CBS) og universiteterne i Danmark<\/td><td class=\"column-3\">Beskikket censor i erhvervs\u00f8konomi og regnskabsv\u00e6sen,<br \/>\n(prim\u00e6rt forretningsstrategi, organisation, ledelse, \u00f8konomistyring og IT)\u00a0\u00a0<\/td><td class=\"column-4\"><\/td><td class=\"column-5\"><img decoding=\"async\" loading=\"lazy\" src=\"https:\/\/www.foss-michelsen.dk\/wp-content\/uploads\/2023\/05\/Logoer-4-unier-1-150x150.png\" alt=\"\" width=\"150\" height=\"150\" class=\"alignnone size-thumbnail wp-image-577\" \/><\/td>\n<\/tr>\n<tr class=\"row-7 odd\">\n\t<td class=\"column-1\">1973 -><\/td><td class=\"column-2\">Medlem af Rotary International<\/td><td class=\"column-3\">2014 ->:     Executive Secretary<br \/>\n2005 ->:     CICO (Club Internet Communication Officer) <br \/>\n2004-2005: Pr\u00e6sident for Odense Rotary Klub <br \/>\n                  (nu Odense City Rotary Klub)<br \/>\n1993-1998: Counsellor for udenlandske udvekslingsstudenter<\/td><td class=\"column-4\">Der er 1,4 millioner rotarianere i 46.000 klubber, der udf\u00f8rer velg\u00f8rende og humanit\u00e6rt arbejde over hele verden.<br \/>\nDette netv\u00e6rk af klubber danner Rotary International.<\/td><td class=\"column-5\"><img decoding=\"async\" loading=\"lazy\" src=\"https:\/\/www.foss-michelsen.dk\/wp-content\/uploads\/2023\/05\/Logo-Rotary-150x150.png\" alt=\"\" width=\"150\" height=\"150\" class=\"alignnone size-thumbnail wp-image-578\" \/><\/td>\n<\/tr>\n<\/tbody>\n<\/table>\n<!-- #tablepress-16 from cache -->","protected":false},"excerpt":{"rendered":"","protected":false},"author":1,"featured_media":0,"parent":0,"menu_order":0,"comment_status":"closed","ping_status":"closed","template":"","meta":[],"_links":{"self":[{"href":"https:\/\/www.foss-michelsen.dk\/index.php?rest_route=\/wp\/v2\/pages\/587"}],"collection":[{"href":"https:\/\/www.foss-michelsen.dk\/index.php?rest_route=\/wp\/v2\/pages"}],"about":[{"href":"https:\/\/www.foss-michelsen.dk\/index.php?rest_route=\/wp\/v2\/types\/page"}],"author":[{"embeddable":true,"href":"https:\/\/www.foss-michelsen.dk\/index.php?rest_route=\/wp\/v2\/users\/1"}],"replies":[{"embeddable":true,"href":"https:\/\/www.foss-michelsen.dk\/index.php?rest_route=%2Fwp%2Fv2%2Fcomments&post=587"}],"version-history":[{"count":4,"href":"https:\/\/www.foss-michelsen.dk\/index.php?rest_route=\/wp\/v2\/pages\/587\/revisions"}],"predecessor-version":[{"id":604,"href":"https:\/\/www.foss-michelsen.dk\/index.php?rest_route=\/wp\/v2\/pages\/587\/revisions\/604"}],"wp:attachment":[{"href":"https:\/\/www.foss-michelsen.dk\/index.php?rest_route=%2Fwp%2Fv2%2Fmedia&parent=587"}],"curies":[{"name":"wp","href":"https:\/\/api.w.org\/{rel}","templated":true}]}}