{"id":424,"date":"2023-05-16T18:08:50","date_gmt":"2023-05-16T18:08:50","guid":{"rendered":"https:\/\/www.foss-michelsen.dk\/?page_id=424"},"modified":"2023-05-20T14:41:10","modified_gmt":"2023-05-20T14:41:10","slug":"advisory-board-poster-2","status":"publish","type":"page","link":"https:\/\/www.foss-michelsen.dk\/?page_id=424","title":{"rendered":"Advisory Board poster"},"content":{"rendered":"\n<p><strong>Medlem\/formand i advisory boards<\/strong><\/p>\n\n\n\n<table id=\"tablepress-13\" class=\"tablepress tablepress-id-13\">\n<tbody class=\"row-hover\">\n<tr class=\"row-1 odd\">\n\t<td class=\"column-1\"><span style=\"color:#333333;\">2016 -><\/span><\/td><td class=\"column-2\"><span style=\"color:#333333;\">CanvasPlanner<\/span><\/td><td class=\"column-3\"><span style=\"color:#333333;\"><em>Opgave- og samarbejdsv\u00e6rkt\u00f8jer for ledere<\/em><\/span><\/td><td class=\"column-4\"><img decoding=\"async\" loading=\"lazy\" src=\"https:\/\/www.foss-michelsen.dk\/wp-content\/uploads\/2023\/05\/Logo-CnvasPlanner-4cm-e1684524626439.png\" alt=\"\" width=\"150\" height=\"16\" class=\"alignnone size-full wp-image-515\" \/><\/td>\n<\/tr>\n<tr class=\"row-2 even\">\n\t<td class=\"column-1\"><span style=\"color:#333333;\">2015 -><\/span><\/td><td class=\"column-2\"><span style=\"color:#333333;\">Little Beacon ApS<\/span><\/td><td class=\"column-3\"><span style=\"color:#333333;\"><em>Udvikling af mobile apps, der har til form\u00e5l at effektivisere og digitalisere de ofte manuelle og tidskr\u00e6vende arbejdsprocesser samt forbedre kommunikationen og virker som expansion packs til virksomhedernes ERP-systemer<\/em><\/span><\/td><td class=\"column-4\"><img decoding=\"async\" loading=\"lazy\" src=\"https:\/\/www.foss-michelsen.dk\/wp-content\/uploads\/2023\/05\/Logo-Little-Beacon-1-e1684525247488.png\" alt=\"\" width=\"150\" height=\"150\" class=\"alignnone size-full wp-image-543\" \/><\/td>\n<\/tr>\n<tr class=\"row-3 odd\">\n\t<td class=\"column-1\"><span style=\"color:#333333;\">2010 \u2013 2011<\/span><\/td><td class=\"column-2\"><span style=\"color:#333333;\">ImageConsult ApS<\/span><\/td><td class=\"column-3\"><span style=\"color:#333333;\"><em>ImageConsult skaber konkurrencekraft via strategisk kreativitet, kommunikation med kant, koncepter og kampagner med karma og karisma &#8211; s\u00e5 det ses p\u00e5 bundlinien!<\/em><\/span><\/td><td class=\"column-4\"><img decoding=\"async\" loading=\"lazy\" src=\"https:\/\/www.foss-michelsen.dk\/wp-content\/uploads\/2023\/05\/Logo-ImageConsult-4-e1684561986393.png\" alt=\"\" width=\"130\" height=\"14\" class=\"alignnone size-full wp-image-568\" \/><\/td>\n<\/tr>\n<tr class=\"row-4 even\">\n\t<td class=\"column-1\"><span style=\"color:#333333;\">2007 \u2013 2009<\/span><\/td><td class=\"column-2\"><span style=\"color:#333333;\">Onlinecity.IO ApS<\/span><\/td><td class=\"column-3\"><span style=\"color:#333333;\"><em>ONLINECITY.IO skubber gr\u00e6nsen for avancerede men brugervenlige platforme<\/em><\/span><\/td><td class=\"column-4\"><img decoding=\"async\" loading=\"lazy\" src=\"https:\/\/www.foss-michelsen.dk\/wp-content\/uploads\/2023\/05\/Logo-Online-City-1.png\" alt=\"\" width=\"146\" height=\"157\" class=\"alignnone size-full wp-image-549\" \/><\/td>\n<\/tr>\n<tr class=\"row-5 odd\">\n\t<td class=\"column-1\"><span style=\"color:#333333;\">2006 \u2013 2010<\/span><\/td><td class=\"column-2\"><span style=\"color:#333333;\">Halibut ApS (formand)<\/span><\/td><td class=\"column-3\"><span style=\"color:#333333;\"><em>Halibut ApS er sammen med datterselskabet Taxon ApS markedsf\u00f8rende indenfor automatisk metadataopm\u00e6rkning og klassifikation, og leverer l\u00f8sninger til b\u00e5de offentlige og private virksomheder i Danmark og Norden<\/em><\/span><\/td><td class=\"column-4\"><img decoding=\"async\" loading=\"lazy\" src=\"https:\/\/www.foss-michelsen.dk\/wp-content\/uploads\/2023\/05\/Logo-Halibut-1.jpg\" alt=\"\" width=\"149\" height=\"46\" class=\"alignnone size-full wp-image-533\" \/><\/td>\n<\/tr>\n<tr class=\"row-6 even\">\n\t<td class=\"column-1\"><span style=\"color:#333333;\">2001 \u2013 2005<\/span><\/td><td class=\"column-2\"><span style=\"color:#333333;\">Munk IT A\/S<\/span><\/td><td class=\"column-3\"><span style=\"color:#333333;\"><em>Salg, implementering og support af Microsoft Business Solutions baserede IT-l\u00f8sningersamt 24*7*365 overv\u00e5gning og drift af IT-installationer<\/em><\/span><\/td><td class=\"column-4\"><img decoding=\"async\" loading=\"lazy\" src=\"https:\/\/www.foss-michelsen.dk\/wp-content\/uploads\/2023\/05\/Logo-Munk-IT-1.jpg\" alt=\"\" width=\"153\" height=\"52\" class=\"alignnone size-full wp-image-476\" srcset=\"https:\/\/www.foss-michelsen.dk\/wp-content\/uploads\/2023\/05\/Logo-Munk-IT-1.jpg 153w, https:\/\/www.foss-michelsen.dk\/wp-content\/uploads\/2023\/05\/Logo-Munk-IT-1-150x52.jpg 150w\" sizes=\"(max-width: 153px) 100vw, 153px\" \/><\/td>\n<\/tr>\n<tr class=\"row-7 odd\">\n\t<td class=\"column-1\"><span style=\"color:#333333;\">2001 \u2013 2012<\/span><\/td><td class=\"column-2\"><span style=\"color:#333333;\">3Shape A\/S<\/span><\/td><td class=\"column-3\"><span style=\"color:#333333;\"><em>In 3Shape we believe in technology that empowers and we bring professionals together to use that technology to unlock opportunities in digital dentistry<\/em><\/span><\/td><td class=\"column-4\"><img decoding=\"async\" loading=\"lazy\" src=\"https:\/\/www.foss-michelsen.dk\/wp-content\/uploads\/2023\/05\/Logo-3Shape-1-e1684524952606.gif\" alt=\"\" width=\"150\" height=\"33\" class=\"alignnone size-full wp-image-402\" \/><\/td>\n<\/tr>\n<tr class=\"row-8 even\">\n\t<td class=\"column-1\"><span style=\"color:#333333;\">2001 \u2013 2004<\/span><\/td><td class=\"column-2\"><span style=\"color:#333333;\">NewClearMedia<\/span><\/td><td class=\"column-3\"><span style=\"color:#333333;\"><em>Formidling af journalistisk kvalitetsindhold til Internettet<\/em><\/span><\/td><td class=\"column-4\"><img decoding=\"async\" loading=\"lazy\" src=\"https:\/\/www.foss-michelsen.dk\/wp-content\/uploads\/2023\/05\/Logo-NewClearMedia-e1684524939269.png\" alt=\"\" width=\"150\" height=\"49\" class=\"alignnone size-full wp-image-405\" \/><\/td>\n<\/tr>\n<tr class=\"row-9 odd\">\n\t<td class=\"column-1\"><span style=\"color:#333333;\">2000 \u2013 2006<\/span><\/td><td class=\"column-2\"><span style=\"color:#333333;\">Distributed Datanet, Holland<\/span><\/td><td class=\"column-3\"><span style=\"color:#333333;\"><em>Hollandsk\/dansk joint-venture. Internet-baseret infrastruktur for effektivisering i v\u00e6rdik\u00e6den fra blomsterproducenter over salgsorganisationer og distribution til detailhandelen i Europa                       <span style=\"color:#333333;\">2006: Integreret i Container Centralens hollandske organisation<\/span><\/em><\/span><\/td><td class=\"column-4\"><img decoding=\"async\" loading=\"lazy\" src=\"https:\/\/www.foss-michelsen.dk\/wp-content\/uploads\/2023\/05\/Logo-DD-1-e1684524964665.gif\" alt=\"\" width=\"150\" height=\"52\" class=\"alignnone size-full wp-image-386\" \/><\/td>\n<\/tr>\n<tr class=\"row-10 even\">\n\t<td class=\"column-1\"><\/td><td class=\"column-2\"><\/td><td class=\"column-3\"><\/td><td class=\"column-4\"><\/td>\n<\/tr>\n<\/tbody>\n<\/table>\n<!-- #tablepress-13 from cache -->","protected":false},"excerpt":{"rendered":"<p>Medlem\/formand i advisory boards<\/p>\n","protected":false},"author":1,"featured_media":0,"parent":0,"menu_order":0,"comment_status":"closed","ping_status":"closed","template":"","meta":[],"_links":{"self":[{"href":"https:\/\/www.foss-michelsen.dk\/index.php?rest_route=\/wp\/v2\/pages\/424"}],"collection":[{"href":"https:\/\/www.foss-michelsen.dk\/index.php?rest_route=\/wp\/v2\/pages"}],"about":[{"href":"https:\/\/www.foss-michelsen.dk\/index.php?rest_route=\/wp\/v2\/types\/page"}],"author":[{"embeddable":true,"href":"https:\/\/www.foss-michelsen.dk\/index.php?rest_route=\/wp\/v2\/users\/1"}],"replies":[{"embeddable":true,"href":"https:\/\/www.foss-michelsen.dk\/index.php?rest_route=%2Fwp%2Fv2%2Fcomments&post=424"}],"version-history":[{"count":5,"href":"https:\/\/www.foss-michelsen.dk\/index.php?rest_route=\/wp\/v2\/pages\/424\/revisions"}],"predecessor-version":[{"id":574,"href":"https:\/\/www.foss-michelsen.dk\/index.php?rest_route=\/wp\/v2\/pages\/424\/revisions\/574"}],"wp:attachment":[{"href":"https:\/\/www.foss-michelsen.dk\/index.php?rest_route=%2Fwp%2Fv2%2Fmedia&parent=424"}],"curies":[{"name":"wp","href":"https:\/\/api.w.org\/{rel}","templated":true}]}}