{"id":16,"date":"2020-10-01T12:30:27","date_gmt":"2020-10-01T12:30:27","guid":{"rendered":"http:\/\/www.foss-michelsen.dk\/?page_id=16"},"modified":"2020-10-02T08:41:18","modified_gmt":"2020-10-02T08:41:18","slug":"kontakt","status":"publish","type":"page","link":"https:\/\/www.foss-michelsen.dk\/?page_id=16","title":{"rendered":"Kontakt"},"content":{"rendered":"\n<p>Mobiltelefon: 4052 5155<br>Fastnettelefon: 6612 5155<\/p>\n\n\n\n<p>poul@foss-michelsen.dk<\/p>\n\n\n\n<p>Bop\u00e6l:<br>B\u00f8gel\u00f8kken 46<br>5210 Odense NV<br><\/p>\n","protected":false},"excerpt":{"rendered":"<p>Mobiltelefon: 4052 5155Fastnettelefon: 6612 5155 poul@foss-michelsen.dk Bop\u00e6l:B\u00f8gel\u00f8kken 465210 Odense NV<\/p>\n","protected":false},"author":1,"featured_media":0,"parent":0,"menu_order":0,"comment_status":"closed","ping_status":"closed","template":"","meta":[],"_links":{"self":[{"href":"https:\/\/www.foss-michelsen.dk\/index.php?rest_route=\/wp\/v2\/pages\/16"}],"collection":[{"href":"https:\/\/www.foss-michelsen.dk\/index.php?rest_route=\/wp\/v2\/pages"}],"about":[{"href":"https:\/\/www.foss-michelsen.dk\/index.php?rest_route=\/wp\/v2\/types\/page"}],"author":[{"embeddable":true,"href":"https:\/\/www.foss-michelsen.dk\/index.php?rest_route=\/wp\/v2\/users\/1"}],"replies":[{"embeddable":true,"href":"https:\/\/www.foss-michelsen.dk\/index.php?rest_route=%2Fwp%2Fv2%2Fcomments&post=16"}],"version-history":[{"count":4,"href":"https:\/\/www.foss-michelsen.dk\/index.php?rest_route=\/wp\/v2\/pages\/16\/revisions"}],"predecessor-version":[{"id":98,"href":"https:\/\/www.foss-michelsen.dk\/index.php?rest_route=\/wp\/v2\/pages\/16\/revisions\/98"}],"wp:attachment":[{"href":"https:\/\/www.foss-michelsen.dk\/index.php?rest_route=%2Fwp%2Fv2%2Fmedia&parent=16"}],"curies":[{"name":"wp","href":"https:\/\/api.w.org\/{rel}","templated":true}]}}