{"id":158,"date":"2020-10-27T21:32:22","date_gmt":"2020-10-27T21:32:22","guid":{"rendered":"http:\/\/www.foss-michelsen.dk\/?page_id=158"},"modified":"2020-10-28T06:56:11","modified_gmt":"2020-10-28T06:56:11","slug":"fra-systemkonsulent-til-bestyrelsesmedlem","status":"publish","type":"page","link":"https:\/\/www.foss-michelsen.dk\/?page_id=158","title":{"rendered":"Fra systemkonsulent over direkt\u00f8r til bestyrelsesmedlem"},"content":{"rendered":"\n<p>Jeg er f\u00f8dt i Vendsyssel. Efter min HA-eksamen i 1963 kom jeg til A\/S Regnecentralen, hvor jeg startede som systemkonsulent. Samtidig med mit job fuldf\u00f8rte jeg mit studium og blev i 1966 cand. merc. med organisation og ledelse som speciale. I 1967 fik jeg til opgave at etablere og udvikle Regnecentralens afdeling i Odense. Senere blev jeg ansvarlig for Regnecentralens provinsafdelinger og gennemf\u00f8rte en st\u00f8rre turn around. I 1977 blev jeg direkt\u00f8r for Regnecentralens samlede servicebureauvirksomhed (Danmarks dengang st\u00f8rste private it-servicevirksomhed).<br><br>Under Regnecentralens rekonstruktion i 1979 benyttede jeg lejligheden til et markant stillingsskifte, idet jeg i 1979 i samarbejde med T. Bak-Jensen A\/S etablerede Foss Michelsen a\/s \u2013 Management konsulenter i edb.<br><br>Jeg blev i 1982 medejer af og bestyrelsesmedlem i BakConsult Gruppen, der blev Danmarks st\u00f8rste management- konsulentvirksomhed med 150 medarbejdere. I 1990 blev BakConsult fusioneret med den internationale PA Consulting Group, hvor jeg blev partner.<br><br>Jeg har gennem min 20-\u00e5rige karriere som management-konsulent r\u00e5dgivet mange danske og skandinaviske topledere i kombinationen af forretningsstrategi og it-strategi, v\u00e6ret arkitekt p\u00e5 mange omstruktureringer af it-organisationer og -ledelse og har rekrutteret mange it-direkt\u00f8rer og it-chefer.<br><br>Da min kontrakt med PA Consulting Group udl\u00f8b i 2000, skiftede jeg spor og valgte bestyrelsesarbejde som fremtidig profession. Mit store netv\u00e6rk inden for dansk topledelse f\u00f8rte hurtigt til mange poster som bestyrelsesformand, bestyrelsesmedlem og medlem af advisory boards i virksomheder med forskelligt branchetilh\u00f8rsforhold. Siden 2000 er det blevet til 35 bestyrelsesposter (heraf 7 formandsposter) i 19 virksomheder og 9 poster som advisory board-medlem. Jeg er desuden aktiv i bestyrelsesnetv\u00e6rket Asnet, har bl.a. v\u00e6ret direkt\u00f8r og bestyrelsesmedlem.<br><br>Jeg har gennem \u00e5rene v\u00e6ret engageret i en r\u00e6kke tillidshverv. Jeg var i 1970 med til at starte merkonom-uddannelsen inden for it, og som bestyrelsesmedlem i Dansk Databehandlingsforening var jeg initiativtager til etablering af fagr\u00e5det \u201dLedelse &amp; IT\u201d. I 1996-1998 var jeg tutor p\u00e5 Henley Business School\u2019s MBA-uddannelse. Jeg har i 44 \u00e5r frem til 2016 v\u00e6ret beskikket censor i strategi, ledelse og \u00f8konomistyring ved de danske universiteter og handelsh\u00f8jskoler &#8211; ligeledes censor ved de internationale MBA uddannelser ved Copenhagen Business School. Jeg er ogs\u00e5 blevet anvendt som kommentator i ErhvervsBladet.dk vedr\u00f8rende aktuelle emner for bestyrelser i sm\u00e5 og mellemstore virksomheder. Jeg har v\u00e6ret medlem af Rotary International siden 1973, counsellor for udenlandske udvekslingsstudenter og pr\u00e6sident i Odense Rotary Klub.<\/p>\n","protected":false},"excerpt":{"rendered":"<p>Jeg er f\u00f8dt i Vendsyssel. Efter min HA-eksamen i 1963 kom jeg til A\/S Regnecentralen, hvor jeg startede som systemkonsulent. Samtidig med mit job fuldf\u00f8rte jeg mit studium og blev i 1966 cand. merc. med organisation og ledelse som speciale. &hellip; <a href=\"https:\/\/www.foss-michelsen.dk\/?page_id=158\">L\u00e6s resten <span class=\"meta-nav\">&rarr;<\/span><\/a><\/p>\n","protected":false},"author":1,"featured_media":0,"parent":0,"menu_order":0,"comment_status":"closed","ping_status":"closed","template":"","meta":[],"_links":{"self":[{"href":"https:\/\/www.foss-michelsen.dk\/index.php?rest_route=\/wp\/v2\/pages\/158"}],"collection":[{"href":"https:\/\/www.foss-michelsen.dk\/index.php?rest_route=\/wp\/v2\/pages"}],"about":[{"href":"https:\/\/www.foss-michelsen.dk\/index.php?rest_route=\/wp\/v2\/types\/page"}],"author":[{"embeddable":true,"href":"https:\/\/www.foss-michelsen.dk\/index.php?rest_route=\/wp\/v2\/users\/1"}],"replies":[{"embeddable":true,"href":"https:\/\/www.foss-michelsen.dk\/index.php?rest_route=%2Fwp%2Fv2%2Fcomments&post=158"}],"version-history":[{"count":2,"href":"https:\/\/www.foss-michelsen.dk\/index.php?rest_route=\/wp\/v2\/pages\/158\/revisions"}],"predecessor-version":[{"id":165,"href":"https:\/\/www.foss-michelsen.dk\/index.php?rest_route=\/wp\/v2\/pages\/158\/revisions\/165"}],"wp:attachment":[{"href":"https:\/\/www.foss-michelsen.dk\/index.php?rest_route=%2Fwp%2Fv2%2Fmedia&parent=158"}],"curies":[{"name":"wp","href":"https:\/\/api.w.org\/{rel}","templated":true}]}}