{"id":123,"date":"2020-10-03T06:00:38","date_gmt":"2020-10-03T06:00:38","guid":{"rendered":"http:\/\/www.foss-michelsen.dk\/?page_id=123"},"modified":"2022-06-19T06:38:08","modified_gmt":"2022-06-19T06:38:08","slug":"familiens-sociale-ansvar","status":"publish","type":"page","link":"https:\/\/www.foss-michelsen.dk\/?page_id=123","title":{"rendered":"Familiens sociale ansvar"},"content":{"rendered":"\n<p>Privat er min hustru og jeg engageret i samfundsansvar. Vi st\u00f8tter \u00f8konomisk f\u00f8lgende:<\/p>\n\n\n\n<ul><li><strong>Opf\u00f8relse og drift af landsbyskoler i Cambodja<\/strong><ul><li>samarbejde med  Region Rejser, Bernard Krisher og Asian Development Bank<br>\u2013 \u00e9n skole har vi medfinansieret og en anden har vi fuldt finansieret<br>&#8211; <a href=\"https:\/\/www.foss-michelsen.dk\/wp-content\/uploads\/2022\/06\/Familiens-sociale-ansvar.pdf\">l\u00e6s mere<\/a> herom og en artikel i Fyens Stiftstidende<\/li><\/ul><\/li><li><strong>13 velg\u00f8rende organisationer<\/strong><ul><li>mere end tusinde kroner \u00e5rligt til hver<\/li><\/ul><\/li><li><strong>Palliativt Frivilligt Netv\u00e6rk<\/strong><ul><li>yder en frivillig indsats for uhelbredeligt syge (voksne)\u00a0i eget hjem p\u00e5 Fyn og for uhelbredeligt syge (b\u00f8rn- og unge) i Region Syddanmark<\/li><\/ul><\/li><li><strong>Universitetsstuderende i Litauen<\/strong><ul><li>I samarbejde med Rotary i Litauen har vi givet et stipendiat til universitetsstuderende Viktorija, som med en enlig og st\u00e6rkt alkoholiseret mor dermed fik mulighed for gennemf\u00f8re sit studium og i dag har et godt job p\u00e5 grund af sin uddannelse<\/li><li>Sammen med 9 andre rotarianere giver vi et stipendiat til en universitetsstuderende<\/li><\/ul><\/li><li><strong>Projekter i Rotary International regi<\/strong> (en del af medlemskontingentet)<ul><li>Youth Exchange: Exchanges\u00a0for\u00a0students\u00a0ages 15-19 are sponsored by Rotary clubs in more than 100 countries<\/li><li>Ending polio forever i samarbejde med  Bill &amp; Melinda Gates Foundation<\/li><li>Promoting peace<\/li><li>Fighting disease<\/li><li>Providing clean water, sanitation and hygiene<\/li><li>Saving mothers and children<\/li><li>Supporting education<\/li><li>Growing local economies<\/li><\/ul><\/li><li><strong>Projekter i Odense City Rotary Klubs regi<\/strong><ul><li>Mitraniketan \u2013 h\u00f8jskoleophold for kastel\u00f8se i Indien<\/li><li>Food Tree projekt &#8211; bek\u00e6mper aktivt sult og fejlern\u00e6ring hos tr\u00e6ngende familier i troperne<\/li><li>Re-Circle Hub &#8211; et b\u00e6redygtigt, cirkul\u00e6rt system for brugt elektronik<\/li><li>Internationalt udvekslingsprogram for studenter i alderen 16-18 \u00e5r<\/li><li>Julekoncert i Odense \u2013 st\u00f8tte til lokale form\u00e5l <\/li><li>St\u00f8tte til Litauiske studerende<\/li><li>RYLA Seminar &#8211; \u00e5rligt seminar for 20-30 \u00e5rige, der er godt p\u00e5 vej i deres uddannelse og f\u00f8rste jobs<\/li><li>Projektet Mate for Change \u2013 hj\u00e6lp til unge, der har f\u00e5et en sk\u00e6v start<\/li><li>F\u00e6llesprojekt i slumkvarter i Uganda<\/li><li>Donation til TUBA &#8211; hj\u00e6lper unge som kommer fra alkoholiserede hjem<\/li><li>Hj\u00e6lp til Corona-tr\u00e6ngt te-plantage i Nepal<\/li><\/ul><\/li><\/ul>\n\n\n\n<p><\/p>\n","protected":false},"excerpt":{"rendered":"<p>Privat er min hustru og jeg engageret i samfundsansvar. Vi st\u00f8tter \u00f8konomisk f\u00f8lgende: Opf\u00f8relse og drift af landsbyskoler i Cambodja samarbejde med Region Rejser, Bernard Krisher og Asian Development Bank\u2013 \u00e9n skole har vi medfinansieret og en anden har vi &hellip; <a href=\"https:\/\/www.foss-michelsen.dk\/?page_id=123\">L\u00e6s resten <span class=\"meta-nav\">&rarr;<\/span><\/a><\/p>\n","protected":false},"author":1,"featured_media":0,"parent":0,"menu_order":0,"comment_status":"closed","ping_status":"closed","template":"","meta":[],"_links":{"self":[{"href":"https:\/\/www.foss-michelsen.dk\/index.php?rest_route=\/wp\/v2\/pages\/123"}],"collection":[{"href":"https:\/\/www.foss-michelsen.dk\/index.php?rest_route=\/wp\/v2\/pages"}],"about":[{"href":"https:\/\/www.foss-michelsen.dk\/index.php?rest_route=\/wp\/v2\/types\/page"}],"author":[{"embeddable":true,"href":"https:\/\/www.foss-michelsen.dk\/index.php?rest_route=\/wp\/v2\/users\/1"}],"replies":[{"embeddable":true,"href":"https:\/\/www.foss-michelsen.dk\/index.php?rest_route=%2Fwp%2Fv2%2Fcomments&post=123"}],"version-history":[{"count":15,"href":"https:\/\/www.foss-michelsen.dk\/index.php?rest_route=\/wp\/v2\/pages\/123\/revisions"}],"predecessor-version":[{"id":229,"href":"https:\/\/www.foss-michelsen.dk\/index.php?rest_route=\/wp\/v2\/pages\/123\/revisions\/229"}],"wp:attachment":[{"href":"https:\/\/www.foss-michelsen.dk\/index.php?rest_route=%2Fwp%2Fv2%2Fmedia&parent=123"}],"curies":[{"name":"wp","href":"https:\/\/api.w.org\/{rel}","templated":true}]}}